{"id":527,"date":"2025-12-08T11:54:31","date_gmt":"2025-12-08T11:54:31","guid":{"rendered":"https:\/\/climatisationmcl.ca\/contact-us\/"},"modified":"2026-04-09T12:38:39","modified_gmt":"2026-04-09T12:38:39","slug":"contact-us","status":"publish","type":"page","link":"https:\/\/climatisationmcl.ca\/en\/contact-us\/","title":{"rendered":"Contact us"},"content":{"rendered":"\t\t<div data-elementor-type=\"wp-page\" data-elementor-id=\"527\" class=\"elementor elementor-527 elementor-10\" data-elementor-post-type=\"page\">\n\t\t\t\t<div class=\"elementor-element elementor-element-80c2819 e-flex e-con-boxed e-con e-parent\" data-id=\"80c2819\" data-element_type=\"container\" data-e-type=\"container\" data-settings=\"{&quot;background_background&quot;:&quot;classic&quot;}\">\n\t\t\t\t\t<div class=\"e-con-inner\">\n\t\t<div class=\"elementor-element elementor-element-f277686 e-con-full e-flex e-con e-child\" data-id=\"f277686\" data-element_type=\"container\" data-e-type=\"container\">\n\t\t\t\t<div class=\"elementor-element elementor-element-14bec7b elementor-widget elementor-widget-heading\" data-id=\"14bec7b\" data-element_type=\"widget\" data-e-type=\"widget\" data-widget_type=\"heading.default\">\n\t\t\t\t\t<h2 class=\"elementor-heading-title elementor-size-default\">Contact us<\/h2>\t\t\t\t<\/div>\n\t\t\t\t<div class=\"elementor-element elementor-element-5a02ad7 elementor-widget elementor-widget-text-editor\" data-id=\"5a02ad7\" data-element_type=\"widget\" data-e-type=\"widget\" data-widget_type=\"text-editor.default\">\n\t\t\t\t\t\t\t\t\t<p>Have a question about our services or need an estimate?<br>Our team is ready to respond to you quickly.<\/p>\t\t\t\t\t\t\t\t<\/div>\n\t\t\t\t<\/div>\n\t\t\t\t\t<\/div>\n\t\t\t\t<\/div>\n\t\t<div class=\"elementor-element elementor-element-0fd34a4 e-flex e-con-boxed e-con e-parent\" data-id=\"0fd34a4\" data-element_type=\"container\" data-e-type=\"container\">\n\t\t\t\t\t<div class=\"e-con-inner\">\n\t\t<div class=\"elementor-element elementor-element-1f97686 e-con-full e-flex e-con e-child\" data-id=\"1f97686\" data-element_type=\"container\" data-e-type=\"container\">\n\t\t<div class=\"elementor-element elementor-element-99470ce e-con-full e-flex e-con e-child\" data-id=\"99470ce\" data-element_type=\"container\" data-e-type=\"container\" data-settings=\"{&quot;background_background&quot;:&quot;classic&quot;}\">\n\t\t\t\t<div class=\"elementor-element elementor-element-53a9705 elementor-position-inline-start elementor-view-default elementor-mobile-position-block-start elementor-widget elementor-widget-icon-box\" data-id=\"53a9705\" data-element_type=\"widget\" data-e-type=\"widget\" data-widget_type=\"icon-box.default\">\n\t\t\t\t\t\t\t<div class=\"elementor-icon-box-wrapper\">\n\n\t\t\t\t\t\t<div class=\"elementor-icon-box-icon\">\n\t\t\t\t<span  class=\"elementor-icon\">\n\t\t\t\t<svg xmlns=\"http:\/\/www.w3.org\/2000\/svg\" id=\"a\" width=\"35\" height=\"35\" viewBox=\"0 0 35 35\"><path d=\"M33.7872,25.1837l-4.3237-4.3201c-.764-.7919-1.6854-1.2153-2.662-1.2153-.9687,0-1.898,.4155-2.6934,1.2074l-2.4887,2.4698c-.2048-.1098-.4095-.2117-.6064-.3136-.2836-.1412-.5513-.2744-.7797-.4156-2.3312-1.474-4.4496-3.3949-6.4816-5.8803-.9845-1.2388-1.646-2.2816-2.1264-3.3401,.6458-.588,1.2443-1.1996,1.8271-1.7877,.2205-.2195,.441-.4469,.6616-.6664,1.6538-1.6465,1.6538-3.7791,0-5.4257l-2.1501-2.1404c-.2441-.243-.4962-.494-.7324-.7448-.4725-.4861-.9687-.9879-1.4807-1.4584-.7639-.7527-1.6775-1.1525-2.6383-1.1525s-1.8901,.3998-2.6777,1.1525l-.0157,.0157L1.7414,3.8575C.7333,4.8611,.1584,6.0842,.0324,7.5034c-.189,2.2894,.4883,4.4221,1.0081,5.8176,1.2759,3.4263,3.1818,6.6017,6.0248,10.0045,3.4495,4.1006,7.5999,7.3387,12.341,9.6203,1.8114,.8546,4.2292,1.866,6.9306,2.0385,.1653,.0079,.3386,.0157,.4961,.0157,1.8193,0,3.3471-.6508,4.5442-1.9444,.0079-.0157,.0237-.0236,.0315-.0392,.4096-.494,.8821-.9409,1.3783-1.4192,.3386-.3214,.6851-.6586,1.0238-1.0114,.7797-.8076,1.1892-1.7484,1.1892-2.7128,0-.9722-.4174-1.9053-1.2128-2.6893Zm-1.5043,3.9359c-.3071,.3293-.6221,.6273-.9608,.9566-.5119,.4861-1.0317,.9957-1.52,1.5681-.7954,.8467-1.7326,1.2466-2.9612,1.2466-.1181,0-.2441,0-.3623-.0078-2.339-.149-4.5127-1.0585-6.1429-1.8347-4.4576-2.1483-8.3718-5.1983-11.6244-9.0636-2.6855-3.2225-4.4812-6.2019-5.6704-9.4008-.7324-1.9523-1.0002-3.4733-.8821-4.9081,.0787-.9174,.4332-1.6779,1.0869-2.3286l2.6855-2.6736c.3859-.3607,.7954-.5566,1.1971-.5566,.4962,0,.8978,.2979,1.1498,.5488l.0236,.0235c.4804,.4469,.9372,.9095,1.4176,1.4034,.2441,.2509,.4962,.5018,.7482,.7606l2.15,2.1404c.8348,.8311,.8348,1.5995,0,2.4305-.2284,.2274-.4489,.4548-.6773,.6743-.6616,.6742-1.2916,1.3015-1.9768,1.913-.0157,.0157-.0315,.0236-.0394,.0393-.6773,.6742-.5513,1.3328-.4095,1.7797l.0237,.0706c.5591,1.3486,1.3467,2.6187,2.5438,4.132l.0078,.0078c2.1737,2.6658,4.4655,4.7435,6.9935,6.3351,.3229,.2039,.6537,.3685,.9688,.5253,.2836,.1412,.5513,.2745,.7797,.4156,.0315,.0157,.063,.0392,.0945,.0549,.2678,.1333,.5198,.196,.7797,.196,.6537,0,1.0632-.4077,1.1971-.541l2.6935-2.6815c.2677-.2665,.693-.588,1.1892-.588,.4883,0,.8899,.3058,1.134,.5724l.0158,.0156,4.3394,4.3201c.8112,.7998,.8112,1.623,.0079,2.4541Z\"><\/path><\/svg>\t\t\t\t<\/span>\n\t\t\t<\/div>\n\t\t\t\n\t\t\t\t\t\t<div class=\"elementor-icon-box-content\">\n\n\t\t\t\t\t\t\t\t\t<h4 class=\"elementor-icon-box-title\">\n\t\t\t\t\t\t<span  >\n\t\t\t\t\t\t\tPhone\t\t\t\t\t\t<\/span>\n\t\t\t\t\t<\/h4>\n\t\t\t\t\n\t\t\t\t\n\t\t\t<\/div>\n\t\t\t\n\t\t<\/div>\n\t\t\t\t\t\t<\/div>\n\t\t\t\t<div class=\"elementor-element elementor-element-3f39e4c elementor-widget elementor-widget-text-editor\" data-id=\"3f39e4c\" data-element_type=\"widget\" data-e-type=\"widget\" data-widget_type=\"text-editor.default\">\n\t\t\t\t\t\t\t\t\t<p><a class=\"m-font-size-16 font-size-16\" href=\"tel:450-628-4664\" target=\"_blank\" rel=\"noopener\" type=\"call\">450-628-4664<\/a><\/p>\t\t\t\t\t\t\t\t<\/div>\n\t\t\t\t<div class=\"elementor-element elementor-element-0fd304c elementor-position-inline-start elementor-view-default elementor-mobile-position-block-start elementor-widget elementor-widget-icon-box\" data-id=\"0fd304c\" data-element_type=\"widget\" data-e-type=\"widget\" data-widget_type=\"icon-box.default\">\n\t\t\t\t\t\t\t<div class=\"elementor-icon-box-wrapper\">\n\n\t\t\t\t\t\t<div class=\"elementor-icon-box-icon\">\n\t\t\t\t<span  class=\"elementor-icon\">\n\t\t\t\t<svg aria-hidden=\"true\" class=\"e-font-icon-svg e-far-envelope\" viewBox=\"0 0 512 512\" xmlns=\"http:\/\/www.w3.org\/2000\/svg\"><path d=\"M464 64H48C21.49 64 0 85.49 0 112v288c0 26.51 21.49 48 48 48h416c26.51 0 48-21.49 48-48V112c0-26.51-21.49-48-48-48zm0 48v40.805c-22.422 18.259-58.168 46.651-134.587 106.49-16.841 13.247-50.201 45.072-73.413 44.701-23.208.375-56.579-31.459-73.413-44.701C106.18 199.465 70.425 171.067 48 152.805V112h416zM48 400V214.398c22.914 18.251 55.409 43.862 104.938 82.646 21.857 17.205 60.134 55.186 103.062 54.955 42.717.231 80.509-37.199 103.053-54.947 49.528-38.783 82.032-64.401 104.947-82.653V400H48z\"><\/path><\/svg>\t\t\t\t<\/span>\n\t\t\t<\/div>\n\t\t\t\n\t\t\t\t\t\t<div class=\"elementor-icon-box-content\">\n\n\t\t\t\t\t\t\t\t\t<h4 class=\"elementor-icon-box-title\">\n\t\t\t\t\t\t<span  >\n\t\t\t\t\t\t\tEmail\t\t\t\t\t\t<\/span>\n\t\t\t\t\t<\/h4>\n\t\t\t\t\n\t\t\t\t\n\t\t\t<\/div>\n\t\t\t\n\t\t<\/div>\n\t\t\t\t\t\t<\/div>\n\t\t\t\t<div class=\"elementor-element elementor-element-3f809a6 elementor-widget elementor-widget-text-editor\" data-id=\"3f809a6\" data-element_type=\"widget\" data-e-type=\"widget\" data-widget_type=\"text-editor.default\">\n\t\t\t\t\t\t\t\t\t<a class=\"m-font-size-16 font-size-16\" href=\"mailto:info@climatisationmcl.ca\" target=\"_blank\" rel=\"noopener\">info@climatisationmcl.ca<\/a>\t\t\t\t\t\t\t\t<\/div>\n\t\t\t\t<div class=\"elementor-element elementor-element-7634410 elementor-position-inline-start elementor-view-default elementor-mobile-position-block-start elementor-widget elementor-widget-icon-box\" data-id=\"7634410\" data-element_type=\"widget\" data-e-type=\"widget\" data-widget_type=\"icon-box.default\">\n\t\t\t\t\t\t\t<div class=\"elementor-icon-box-wrapper\">\n\n\t\t\t\t\t\t<div class=\"elementor-icon-box-icon\">\n\t\t\t\t<span  class=\"elementor-icon\">\n\t\t\t\t<svg aria-hidden=\"true\" class=\"e-font-icon-svg e-fas-map-marker-alt\" viewBox=\"0 0 384 512\" xmlns=\"http:\/\/www.w3.org\/2000\/svg\"><path d=\"M172.268 501.67C26.97 291.031 0 269.413 0 192 0 85.961 85.961 0 192 0s192 85.961 192 192c0 77.413-26.97 99.031-172.268 309.67-9.535 13.774-29.93 13.773-39.464 0zM192 272c44.183 0 80-35.817 80-80s-35.817-80-80-80-80 35.817-80 80 35.817 80 80 80z\"><\/path><\/svg>\t\t\t\t<\/span>\n\t\t\t<\/div>\n\t\t\t\n\t\t\t\t\t\t<div class=\"elementor-icon-box-content\">\n\n\t\t\t\t\t\t\t\t\t<h4 class=\"elementor-icon-box-title\">\n\t\t\t\t\t\t<span  >\n\t\t\t\t\t\t\tAddress\t\t\t\t\t\t<\/span>\n\t\t\t\t\t<\/h4>\n\t\t\t\t\n\t\t\t\t\n\t\t\t<\/div>\n\t\t\t\n\t\t<\/div>\n\t\t\t\t\t\t<\/div>\n\t\t\t\t<div class=\"elementor-element elementor-element-594e5fd elementor-widget elementor-widget-text-editor\" data-id=\"594e5fd\" data-element_type=\"widget\" data-e-type=\"widget\" data-widget_type=\"text-editor.default\">\n\t\t\t\t\t\t\t\t\t<p class=\"m-text-align-center m-size-16 size-20\"><span class=\"m-font-size-16 font-size-20\">50 rue Mountains View, <\/span><span class=\"m-font-size-16 font-size-20\">Morin-Heights, QC, <\/span><span class=\"m-font-size-16 font-size-20\">J0R 1H0<\/span><\/p>\t\t\t\t\t\t\t\t<\/div>\n\t\t\t\t<\/div>\n\t\t\t\t<\/div>\n\t\t<div class=\"elementor-element elementor-element-714b24c e-con-full e-flex e-con e-child\" data-id=\"714b24c\" data-element_type=\"container\" data-e-type=\"container\">\n\t\t\t\t<div class=\"elementor-element elementor-element-c54705a elementor-widget elementor-widget-heading\" data-id=\"c54705a\" data-element_type=\"widget\" data-e-type=\"widget\" data-widget_type=\"heading.default\">\n\t\t\t\t\t<h2 class=\"elementor-heading-title elementor-size-default\">Get in touch with us!<\/h2>\t\t\t\t<\/div>\n\t\t\t\t<div class=\"elementor-element elementor-element-0dbbe38 elementor-widget elementor-widget-text-editor\" data-id=\"0dbbe38\" data-element_type=\"widget\" data-e-type=\"widget\" data-widget_type=\"text-editor.default\">\n\t\t\t\t\t\t\t\t\t<p>You can contact us at any time at <a href=\"mailto:info@climatisationmcl.ca\">info@climatisationmcl.ca<\/a><\/p>\t\t\t\t\t\t\t\t<\/div>\n\t\t\t\t<div class=\"elementor-element elementor-element-7418ac2 elementor-widget elementor-widget-html\" data-id=\"7418ac2\" data-element_type=\"widget\" data-e-type=\"widget\" data-widget_type=\"html.default\">\n\t\t\t\t\t<iframe aria-label='Soumission' frameborder=\"0\" style=\"height:750px;width:99%;border:none;\" src='https:\/\/forms.zohopublic.com\/richardgrou1\/form\/SoumissionEN\/formperma\/WdH2iJS3bcjunwhL_rqMA4I-M_B6P8MKdiBGM6ImYw0'><\/iframe>\t\t\t\t<\/div>\n\t\t\t\t<\/div>\n\t\t\t\t\t<\/div>\n\t\t\t\t<\/div>\n\t\t<div class=\"elementor-element elementor-element-a20ea7d e-flex e-con-boxed e-con e-parent\" data-id=\"a20ea7d\" data-element_type=\"container\" data-e-type=\"container\">\n\t\t\t\t\t<div class=\"e-con-inner\">\n\t\t<div class=\"elementor-element elementor-element-7028ef3 e-con-full e-flex e-con e-child\" data-id=\"7028ef3\" data-element_type=\"container\" data-e-type=\"container\">\n\t\t\t\t<div class=\"elementor-element elementor-element-cd88ae3 elementor-widget elementor-widget-heading\" data-id=\"cd88ae3\" data-element_type=\"widget\" data-e-type=\"widget\" data-widget_type=\"heading.default\">\n\t\t\t\t\t<h2 class=\"elementor-heading-title elementor-size-default\">Find us<\/h2>\t\t\t\t<\/div>\n\t\t\t\t<\/div>\n\t\t<div class=\"elementor-element elementor-element-89709e6 e-con-full e-flex e-con e-child\" data-id=\"89709e6\" data-element_type=\"container\" data-e-type=\"container\">\n\t\t\t\t<div class=\"elementor-element elementor-element-9e204db elementor-widget elementor-widget-text-editor\" data-id=\"9e204db\" data-element_type=\"widget\" data-e-type=\"widget\" data-widget_type=\"text-editor.default\">\n\t\t\t\t\t\t\t\t\t<p>Although our head office is located in Morin-Heights, our technicians travel far and wide to serve you. We cover a large area including Saint-Sauveur, Sainte-Ad\u00e8le, Pr\u00e9vost, Saint-J\u00e9r\u00f4me, and Mont-Tremblant. <\/p>\t\t\t\t\t\t\t\t<\/div>\n\t\t\t\t<\/div>\n\t\t\t\t\t<\/div>\n\t\t\t\t<\/div>\n\t\t<div class=\"elementor-element elementor-element-a584ef6 e-flex e-con-boxed e-con e-parent\" data-id=\"a584ef6\" data-element_type=\"container\" data-e-type=\"container\">\n\t\t\t\t\t<div class=\"e-con-inner\">\n\t\t\t\t<div class=\"elementor-element elementor-element-68aa60b elementor-widget elementor-widget-html\" data-id=\"68aa60b\" data-element_type=\"widget\" data-e-type=\"widget\" data-widget_type=\"html.default\">\n\t\t\t\t\t<iframe src=\"https:\/\/www.google.com\/maps\/embed?pb=!1m18!1m12!1m3!1d2776.1261653406486!2d-74.2414035874804!3d45.908787303543725!2m3!1f0!2f0!3f0!3m2!1i1024!2i768!4f13.1!3m3!1m2!1s0x4ccf3c9976de785b%3A0x6ef9bbf81228bd87!2sGroupe%20MCL!5e0!3m2!1sfr!2sma!4v1765223348474!5m2!1sfr!2sma\" width=\"600\" height=\"450\" style=\"border:0;\" allowfullscreen=\"\" loading=\"lazy\" referrerpolicy=\"no-referrer-when-downgrade\"><\/iframe>\t\t\t\t<\/div>\n\t\t\t\t\t<\/div>\n\t\t\t\t<\/div>\n\t\t\t\t<\/div>\n\t\t","protected":false},"excerpt":{"rendered":"<p>Contact us Have a question about our services or need an estimate?Our team is ready to respond to you quickly. Phone 450-628-4664 Email info@climatisationmcl.ca Address 50 rue Mountains View, Morin-Heights, QC, J0R 1H0 Get in touch with us! You can contact us at any time at info@climatisationmcl.ca Find us Although our head office is located [&hellip;]<\/p>\n","protected":false},"author":1,"featured_media":0,"parent":0,"menu_order":0,"comment_status":"closed","ping_status":"closed","template":"elementor_header_footer","meta":{"_acf_changed":false,"footnotes":""},"class_list":["post-527","page","type-page","status-publish","hentry"],"acf":[],"yoast_head":"<!-- This site is optimized with the Yoast SEO plugin v27.3 - https:\/\/yoast.com\/product\/yoast-seo-wordpress\/ -->\n<title>Contact us - Climatisation MCL<\/title>\n<meta name=\"robots\" content=\"index, follow, max-snippet:-1, max-image-preview:large, max-video-preview:-1\" \/>\n<link rel=\"canonical\" href=\"https:\/\/climatisationmcl.ca\/en\/contact-us\/\" \/>\n<meta property=\"og:locale\" content=\"en_US\" \/>\n<meta property=\"og:type\" content=\"article\" \/>\n<meta property=\"og:title\" content=\"Contact us - Climatisation MCL\" \/>\n<meta property=\"og:description\" content=\"Contact us Have a question about our services or need an estimate?Our team is ready to respond to you quickly. Phone 450-628-4664 Email info@climatisationmcl.ca Address 50 rue Mountains View, Morin-Heights, QC, J0R 1H0 Get in touch with us! You can contact us at any time at info@climatisationmcl.ca Find us Although our head office is located [&hellip;]\" \/>\n<meta property=\"og:url\" content=\"https:\/\/climatisationmcl.ca\/en\/contact-us\/\" \/>\n<meta property=\"og:site_name\" content=\"Climatisation MCL\" \/>\n<meta property=\"article:modified_time\" content=\"2026-04-09T12:38:39+00:00\" \/>\n<meta name=\"twitter:card\" content=\"summary_large_image\" \/>\n<meta name=\"twitter:label1\" content=\"Est. reading time\" \/>\n\t<meta name=\"twitter:data1\" content=\"1 minute\" \/>\n<!-- \/ Yoast SEO plugin. -->","yoast_head_json":{"title":"Contact us - Climatisation MCL","robots":{"index":"index","follow":"follow","max-snippet":"max-snippet:-1","max-image-preview":"max-image-preview:large","max-video-preview":"max-video-preview:-1"},"canonical":"https:\/\/climatisationmcl.ca\/en\/contact-us\/","og_locale":"en_US","og_type":"article","og_title":"Contact us - Climatisation MCL","og_description":"Contact us Have a question about our services or need an estimate?Our team is ready to respond to you quickly. Phone 450-628-4664 Email info@climatisationmcl.ca Address 50 rue Mountains View, Morin-Heights, QC, J0R 1H0 Get in touch with us! You can contact us at any time at info@climatisationmcl.ca Find us Although our head office is located [&hellip;]","og_url":"https:\/\/climatisationmcl.ca\/en\/contact-us\/","og_site_name":"Climatisation MCL","article_modified_time":"2026-04-09T12:38:39+00:00","twitter_card":"summary_large_image","twitter_misc":{"Est. reading time":"1 minute"},"schema":{"@context":"https:\/\/schema.org","@graph":[{"@type":"WebPage","@id":"https:\/\/climatisationmcl.ca\/en\/contact-us\/","url":"https:\/\/climatisationmcl.ca\/en\/contact-us\/","name":"Contact us - Climatisation MCL","isPartOf":{"@id":"https:\/\/climatisationmcl.ca\/en\/#website"},"datePublished":"2025-12-08T11:54:31+00:00","dateModified":"2026-04-09T12:38:39+00:00","breadcrumb":{"@id":"https:\/\/climatisationmcl.ca\/en\/contact-us\/#breadcrumb"},"inLanguage":"en-US","potentialAction":[{"@type":"ReadAction","target":["https:\/\/climatisationmcl.ca\/en\/contact-us\/"]}]},{"@type":"BreadcrumbList","@id":"https:\/\/climatisationmcl.ca\/en\/contact-us\/#breadcrumb","itemListElement":[{"@type":"ListItem","position":1,"name":"Home","item":"https:\/\/climatisationmcl.ca\/en\/"},{"@type":"ListItem","position":2,"name":"Contact us"}]},{"@type":"WebSite","@id":"https:\/\/climatisationmcl.ca\/en\/#website","url":"https:\/\/climatisationmcl.ca\/en\/","name":"Climatisation MCL","description":"","potentialAction":[{"@type":"SearchAction","target":{"@type":"EntryPoint","urlTemplate":"https:\/\/climatisationmcl.ca\/en\/?s={search_term_string}"},"query-input":{"@type":"PropertyValueSpecification","valueRequired":true,"valueName":"search_term_string"}}],"inLanguage":"en-US"}]}},"_links":{"self":[{"href":"https:\/\/climatisationmcl.ca\/en\/wp-json\/wp\/v2\/pages\/527","targetHints":{"allow":["GET"]}}],"collection":[{"href":"https:\/\/climatisationmcl.ca\/en\/wp-json\/wp\/v2\/pages"}],"about":[{"href":"https:\/\/climatisationmcl.ca\/en\/wp-json\/wp\/v2\/types\/page"}],"author":[{"embeddable":true,"href":"https:\/\/climatisationmcl.ca\/en\/wp-json\/wp\/v2\/users\/1"}],"replies":[{"embeddable":true,"href":"https:\/\/climatisationmcl.ca\/en\/wp-json\/wp\/v2\/comments?post=527"}],"version-history":[{"count":13,"href":"https:\/\/climatisationmcl.ca\/en\/wp-json\/wp\/v2\/pages\/527\/revisions"}],"predecessor-version":[{"id":2301,"href":"https:\/\/climatisationmcl.ca\/en\/wp-json\/wp\/v2\/pages\/527\/revisions\/2301"}],"wp:attachment":[{"href":"https:\/\/climatisationmcl.ca\/en\/wp-json\/wp\/v2\/media?parent=527"}],"curies":[{"name":"wp","href":"https:\/\/api.w.org\/{rel}","templated":true}]}}